{"id":1230,"date":"2017-04-14T08:59:21","date_gmt":"2017-04-14T06:59:21","guid":{"rendered":"http:\/\/www.redhead-or-dead.com\/wp\/?page_id=1230"},"modified":"2024-06-13T09:43:04","modified_gmt":"2024-06-13T07:43:04","slug":"ecstasy-and-danger","status":"publish","type":"page","link":"https:\/\/www.redhead-or-dead.com\/wp\/fr\/boutique\/ecstasy-and-danger\/","title":{"rendered":"Ecstasy and Danger"},"content":{"rendered":"<div class=\"rod_product_container\"><img decoding=\"async\" src=\"https:\/\/img0.etsystatic.com\/171\/0\/11505938\/il_570xN.1180548460_lm92.jpg\" width=\"380\" border=\"0\"><\/div>\n<div class=\"rod_product_container\">\n    <span class=\"rod_product_title\">POSTER<\/span><\/p>\n<p>Format papier : 50 x 50 cm<br \/>\nFormat image : 40 x 40 cm + Bord blanc (papier)<\/p>\n<p>Edition limit\u00e9e \u00e0 50 exemplaires.<br \/>\nGraphisme pour la pochette de disque de OSTROGOTH.<\/p>\n<p>Chaque reproduction est personnellement sign\u00e9e<br \/>\net num\u00e9rot\u00e9e au crayon par Eric PHILIPPE.<\/p>\n<p><span class=\"rod_product_price\">85,00 \u20ac<\/span><\/p>\n<p><b>En stock<\/b><\/p>\n<p><span class=\"rod_product_desc\">Oeuvre imprim\u00e9e sur du papier d&rsquo;artiste de tr\u00e8s haute qualit\u00e9<br \/>\navec des encres pigment\u00e9es de longue dur\u00e9e.<br \/>\nToutes nos reproductions sont vendues NON-ENCADR\u00c9ES.<\/span><\/p>\n<p>Image d\u00e9taill\u00e9e et infos compl\u00e8tes sur Etsy.<\/p>\n<p>Une question ou une requ\u00eate sp\u00e9ciale ? <a href=\"http:\/\/www.redhead-or-dead.com\/wp\/fr\/contactez-moi\/\">Contactez-moi<\/a>.<\/p>\n<p><a href=\"https:\/\/www.etsy.com\/be-fr\/listing\/524802323\/ecstasy-and-danger?ref=shop_home_active_1\" class=\"rod_product_buy\" target=\"_blank\" rel=\"noopener\">Achetez-le<br \/>\nsur Etsy<\/a><\/p>\n<\/div>\n","protected":false},"excerpt":{"rendered":"<p>POSTER Format papier : 50 x 50 cm Format image : 40 x 40 cm + Bord blanc (papier) Edition limit\u00e9e \u00e0 50 exemplaires. Graphisme pour la pochette de disque de OSTROGOTH. Chaque reproduction est personnellement sign\u00e9e et num\u00e9rot\u00e9e au crayon par Eric PHILIPPE. 85,00 \u20ac En stock Oeuvre imprim\u00e9e \u2026 <a class=\"continue-reading-link\" href=\"https:\/\/www.redhead-or-dead.com\/wp\/fr\/boutique\/ecstasy-and-danger\/\"> Continue reading<\/a><\/p>\n","protected":false},"author":1,"featured_media":0,"parent":77,"menu_order":0,"comment_status":"closed","ping_status":"open","template":"","meta":{"footnotes":""},"class_list":["post-1230","page","type-page","status-publish","hentry"],"_links":{"self":[{"href":"https:\/\/www.redhead-or-dead.com\/wp\/wp-json\/wp\/v2\/pages\/1230","targetHints":{"allow":["GET"]}}],"collection":[{"href":"https:\/\/www.redhead-or-dead.com\/wp\/wp-json\/wp\/v2\/pages"}],"about":[{"href":"https:\/\/www.redhead-or-dead.com\/wp\/wp-json\/wp\/v2\/types\/page"}],"author":[{"embeddable":true,"href":"https:\/\/www.redhead-or-dead.com\/wp\/wp-json\/wp\/v2\/users\/1"}],"replies":[{"embeddable":true,"href":"https:\/\/www.redhead-or-dead.com\/wp\/wp-json\/wp\/v2\/comments?post=1230"}],"version-history":[{"count":3,"href":"https:\/\/www.redhead-or-dead.com\/wp\/wp-json\/wp\/v2\/pages\/1230\/revisions"}],"predecessor-version":[{"id":2544,"href":"https:\/\/www.redhead-or-dead.com\/wp\/wp-json\/wp\/v2\/pages\/1230\/revisions\/2544"}],"up":[{"embeddable":true,"href":"https:\/\/www.redhead-or-dead.com\/wp\/wp-json\/wp\/v2\/pages\/77"}],"wp:attachment":[{"href":"https:\/\/www.redhead-or-dead.com\/wp\/wp-json\/wp\/v2\/media?parent=1230"}],"curies":[{"name":"wp","href":"https:\/\/api.w.org\/{rel}","templated":true}]}}