{"id":1414,"date":"2017-12-17T18:30:38","date_gmt":"2017-12-17T17:30:38","guid":{"rendered":"http:\/\/www.redhead-or-dead.com\/wp\/?page_id=1414"},"modified":"2022-02-09T09:48:38","modified_gmt":"2022-02-09T08:48:38","slug":"shadow-of-the-red-baron-aimant","status":"publish","type":"page","link":"https:\/\/www.redhead-or-dead.com\/wp\/fr\/boutique\/shadow-of-the-red-baron-aimant\/","title":{"rendered":"Shadow of the Red Baron &#8211; Aimant"},"content":{"rendered":"<div class=\"rod_product_container\"><img decoding=\"async\" src=\"https:\/\/img0.etsystatic.com\/188\/1\/11505938\/il_570xN.1381504814_1yag.jpg\" alt=\"\" width=\"380\" border=\"0\"><\/div>\n<div class=\"rod_product_container\">\n<p><span class=\"rod_product_title\">AIMANT<\/span><\/p>\n<p>Format aimant : 6,5 x 9 cm (3.5&Prime; x 2.5&Prime;)<\/p>\n<p>Edition ouverte<br \/>\nIllustration pour la pochette CD du groupe belge IRON MASK<\/p>\n<p><span class=\"rod_product_price\">6,00 \u20ac<\/span><\/p>\n<p><b>En stock<\/b><\/p>\n<p><span class=\"rod_product_desc\">Superbe aimant \/ magnet, solide et \u00e9pais, illustration r\u00e9alis\u00e9e par Eric PHILIPPE<\/span><\/p>\n<p>Image d\u00e9taill\u00e9e et infos compl\u00e8tes sur Etsy<\/p>\n<p>Une question ou une requ\u00eate sp\u00e9ciale ? <a href=\"http:\/\/www.redhead-or-dead.com\/wp\/fr\/contactez-moi\/\">Contactez-moi<\/a><\/p>\n<p><a class=\"rod_product_buy\" href=\"https:\/\/www.etsy.com\/fr\/listing\/580482885\/aimant-de-refrigerateur-shadow-of-the?ref=shop_home_active_3\">Achetez-le<br \/>\nsur Etsy<\/a><\/p>\n<\/div>\n","protected":false},"excerpt":{"rendered":"<p>AIMANT Format aimant : 6,5 x 9 cm (3.5&Prime; x 2.5&Prime;) Edition ouverte Illustration pour la pochette CD du groupe belge IRON MASK 6,00 \u20ac En stock Superbe aimant \/ magnet, solide et \u00e9pais, illustration r\u00e9alis\u00e9e par Eric PHILIPPE Image d\u00e9taill\u00e9e et infos compl\u00e8tes sur Etsy Une question ou une \u2026 <a class=\"continue-reading-link\" href=\"https:\/\/www.redhead-or-dead.com\/wp\/fr\/boutique\/shadow-of-the-red-baron-aimant\/\"> Continue reading<\/a><\/p>\n","protected":false},"author":1,"featured_media":0,"parent":77,"menu_order":0,"comment_status":"closed","ping_status":"open","template":"","meta":{"footnotes":""},"class_list":["post-1414","page","type-page","status-publish","hentry"],"_links":{"self":[{"href":"https:\/\/www.redhead-or-dead.com\/wp\/wp-json\/wp\/v2\/pages\/1414","targetHints":{"allow":["GET"]}}],"collection":[{"href":"https:\/\/www.redhead-or-dead.com\/wp\/wp-json\/wp\/v2\/pages"}],"about":[{"href":"https:\/\/www.redhead-or-dead.com\/wp\/wp-json\/wp\/v2\/types\/page"}],"author":[{"embeddable":true,"href":"https:\/\/www.redhead-or-dead.com\/wp\/wp-json\/wp\/v2\/users\/1"}],"replies":[{"embeddable":true,"href":"https:\/\/www.redhead-or-dead.com\/wp\/wp-json\/wp\/v2\/comments?post=1414"}],"version-history":[{"count":3,"href":"https:\/\/www.redhead-or-dead.com\/wp\/wp-json\/wp\/v2\/pages\/1414\/revisions"}],"predecessor-version":[{"id":2170,"href":"https:\/\/www.redhead-or-dead.com\/wp\/wp-json\/wp\/v2\/pages\/1414\/revisions\/2170"}],"up":[{"embeddable":true,"href":"https:\/\/www.redhead-or-dead.com\/wp\/wp-json\/wp\/v2\/pages\/77"}],"wp:attachment":[{"href":"https:\/\/www.redhead-or-dead.com\/wp\/wp-json\/wp\/v2\/media?parent=1414"}],"curies":[{"name":"wp","href":"https:\/\/api.w.org\/{rel}","templated":true}]}}