{"id":1928,"date":"2021-03-11T11:44:18","date_gmt":"2021-03-11T10:44:18","guid":{"rendered":"https:\/\/www.redhead-or-dead.com\/wp\/?page_id=1928"},"modified":"2022-12-23T17:53:58","modified_gmt":"2022-12-23T16:53:58","slug":"autumns-child-aimant-2","status":"publish","type":"page","link":"https:\/\/www.redhead-or-dead.com\/wp\/fr\/boutique\/autumns-child-aimant-2\/","title":{"rendered":"Autumn&rsquo;s Child &#8211; Aimant"},"content":{"rendered":"<div class=\"rod_product_container\"><img decoding=\"async\" src=\"https:\/\/i.etsystatic.com\/11505938\/r\/il\/8598ed\/2931426334\/il_1588xN.2931426334_1qqb.jpg\" alt=\"\" width=\"380\" border=\"0\"><\/div>\n<div class=\"rod_product_container\">\n<p><span class=\"rod_product_title\">AIMANT<\/span><\/p>\n<p>Format aimant : 6,5 x 9 cm (2.5&Prime; x 3.5&Prime;)<\/p>\n<p>Edition ouverte<br \/>\nIllustration pour la pochette CD du groupe su\u00e9dois AUTUMN&rsquo;s CHILD<\/p>\n<p><span class=\"rod_product_price\">6,00 \u20ac<\/span><\/p>\n<p><b>En stock<\/b><\/p>\n<p><span class=\"rod_product_desc\">Superbe aimant \/ magnet, solide et \u00e9pais, illustration r\u00e9alis\u00e9e par Eric PHILIPPE<\/span><\/p>\n<p>Image d\u00e9taill\u00e9e et infos compl\u00e8tes sur Etsy<\/p>\n<p>Une question ou une requ\u00eate sp\u00e9ciale ? <a href=\"http:\/\/www.redhead-or-dead.com\/wp\/fr\/contactez-moi\/\">Contactez-moi<\/a><\/p>\n<p><a class=\"rod_product_buy\" href=\"https:\/\/www.etsy.com\/fr\/listing\/964266282\/aimant-de-refrigerateur-autumns-child?ref=shop_home_active_8\">Achetez-le<br \/>\nsur Etsy<\/a><\/p>\n<\/div>\n","protected":false},"excerpt":{"rendered":"<p>AIMANT Format aimant : 6,5 x 9 cm (2.5&Prime; x 3.5&Prime;) Edition ouverte Illustration pour la pochette CD du groupe su\u00e9dois AUTUMN&rsquo;s CHILD 6,00 \u20ac En stock Superbe aimant \/ magnet, solide et \u00e9pais, illustration r\u00e9alis\u00e9e par Eric PHILIPPE Image d\u00e9taill\u00e9e et infos compl\u00e8tes sur Etsy Une question ou une \u2026 <a class=\"continue-reading-link\" href=\"https:\/\/www.redhead-or-dead.com\/wp\/fr\/boutique\/autumns-child-aimant-2\/\"> Continue reading<\/a><\/p>\n","protected":false},"author":1,"featured_media":0,"parent":77,"menu_order":0,"comment_status":"closed","ping_status":"open","template":"","meta":{"footnotes":""},"class_list":["post-1928","page","type-page","status-publish","hentry"],"_links":{"self":[{"href":"https:\/\/www.redhead-or-dead.com\/wp\/wp-json\/wp\/v2\/pages\/1928","targetHints":{"allow":["GET"]}}],"collection":[{"href":"https:\/\/www.redhead-or-dead.com\/wp\/wp-json\/wp\/v2\/pages"}],"about":[{"href":"https:\/\/www.redhead-or-dead.com\/wp\/wp-json\/wp\/v2\/types\/page"}],"author":[{"embeddable":true,"href":"https:\/\/www.redhead-or-dead.com\/wp\/wp-json\/wp\/v2\/users\/1"}],"replies":[{"embeddable":true,"href":"https:\/\/www.redhead-or-dead.com\/wp\/wp-json\/wp\/v2\/comments?post=1928"}],"version-history":[{"count":2,"href":"https:\/\/www.redhead-or-dead.com\/wp\/wp-json\/wp\/v2\/pages\/1928\/revisions"}],"predecessor-version":[{"id":2145,"href":"https:\/\/www.redhead-or-dead.com\/wp\/wp-json\/wp\/v2\/pages\/1928\/revisions\/2145"}],"up":[{"embeddable":true,"href":"https:\/\/www.redhead-or-dead.com\/wp\/wp-json\/wp\/v2\/pages\/77"}],"wp:attachment":[{"href":"https:\/\/www.redhead-or-dead.com\/wp\/wp-json\/wp\/v2\/media?parent=1928"}],"curies":[{"name":"wp","href":"https:\/\/api.w.org\/{rel}","templated":true}]}}