{"id":1974,"date":"2021-03-11T15:23:13","date_gmt":"2021-03-11T14:23:13","guid":{"rendered":"https:\/\/www.redhead-or-dead.com\/wp\/?page_id=1974"},"modified":"2022-02-09T09:45:55","modified_gmt":"2022-02-09T08:45:55","slug":"nine-lives-aimant","status":"publish","type":"page","link":"https:\/\/www.redhead-or-dead.com\/wp\/fr\/boutique\/nine-lives-aimant\/","title":{"rendered":"Nine Lives &#8211; Aimant"},"content":{"rendered":"<div class=\"rod_product_container\"><img decoding=\"async\" src=\"https:\/\/i.etsystatic.com\/11505938\/r\/il\/8ec3d7\/2931718456\/il_1588xN.2931718456_ng8f.jpg\" alt=\"\" width=\"380\" border=\"0\"><\/div>\n<div class=\"rod_product_container\">\n<p><span class=\"rod_product_title\">AIMANT<\/span><\/p>\n<p>Format aimant : 6,5 x 9 cm (2.5&Prime; x 3.5&Prime;)<\/p>\n<p>Edition ouverte<br \/>\nIllustration de la pochette \u201cNine Lives\u201d pour le groupe LAST AUTUMN&rsquo;s DREAM<\/p>\n<p><span class=\"rod_product_price\">6,00 \u20ac<\/span><\/p>\n<p><b>En stock<\/b><\/p>\n<p><span class=\"rod_product_desc\">Superbe aimant \/ magnet, solide et \u00e9pais, illustration r\u00e9alis\u00e9e par Eric PHILIPPE<\/span><\/p>\n<p>Image d\u00e9taill\u00e9e et infos compl\u00e8tes sur Etsy<\/p>\n<p>Une question ou une requ\u00eate sp\u00e9ciale ? <a href=\"http:\/\/www.redhead-or-dead.com\/wp\/fr\/contactez-moi\/\">Contactez-moi<\/a><\/p>\n<p><a class=\"rod_product_buy\" href=\"https:\/\/www.etsy.com\/fr\/listing\/964342942\/aimant-de-refrigerateur-nine-lives?ref=shop_home_active_2\">Achetez-le<br \/>\nsur Etsy<\/a><\/p>\n<\/div>\n","protected":false},"excerpt":{"rendered":"<p>AIMANT Format aimant : 6,5 x 9 cm (2.5&Prime; x 3.5&Prime;) Edition ouverte Illustration de la pochette \u201cNine Lives\u201d pour le groupe LAST AUTUMN&rsquo;s DREAM 6,00 \u20ac En stock Superbe aimant \/ magnet, solide et \u00e9pais, illustration r\u00e9alis\u00e9e par Eric PHILIPPE Image d\u00e9taill\u00e9e et infos compl\u00e8tes sur Etsy Une question \u2026 <a class=\"continue-reading-link\" href=\"https:\/\/www.redhead-or-dead.com\/wp\/fr\/boutique\/nine-lives-aimant\/\"> Continue reading<\/a><\/p>\n","protected":false},"author":1,"featured_media":0,"parent":77,"menu_order":0,"comment_status":"closed","ping_status":"open","template":"","meta":{"footnotes":""},"class_list":["post-1974","page","type-page","status-publish","hentry"],"_links":{"self":[{"href":"https:\/\/www.redhead-or-dead.com\/wp\/wp-json\/wp\/v2\/pages\/1974","targetHints":{"allow":["GET"]}}],"collection":[{"href":"https:\/\/www.redhead-or-dead.com\/wp\/wp-json\/wp\/v2\/pages"}],"about":[{"href":"https:\/\/www.redhead-or-dead.com\/wp\/wp-json\/wp\/v2\/types\/page"}],"author":[{"embeddable":true,"href":"https:\/\/www.redhead-or-dead.com\/wp\/wp-json\/wp\/v2\/users\/1"}],"replies":[{"embeddable":true,"href":"https:\/\/www.redhead-or-dead.com\/wp\/wp-json\/wp\/v2\/comments?post=1974"}],"version-history":[{"count":2,"href":"https:\/\/www.redhead-or-dead.com\/wp\/wp-json\/wp\/v2\/pages\/1974\/revisions"}],"predecessor-version":[{"id":2160,"href":"https:\/\/www.redhead-or-dead.com\/wp\/wp-json\/wp\/v2\/pages\/1974\/revisions\/2160"}],"up":[{"embeddable":true,"href":"https:\/\/www.redhead-or-dead.com\/wp\/wp-json\/wp\/v2\/pages\/77"}],"wp:attachment":[{"href":"https:\/\/www.redhead-or-dead.com\/wp\/wp-json\/wp\/v2\/media?parent=1974"}],"curies":[{"name":"wp","href":"https:\/\/api.w.org\/{rel}","templated":true}]}}