{"id":2054,"date":"2021-11-28T17:31:43","date_gmt":"2021-11-28T16:31:43","guid":{"rendered":"https:\/\/www.redhead-or-dead.com\/wp\/?page_id=2054"},"modified":"2024-04-27T09:46:37","modified_gmt":"2024-04-27T07:46:37","slug":"la-brecha-aimant","status":"publish","type":"page","link":"https:\/\/www.redhead-or-dead.com\/wp\/fr\/boutique\/la-brecha-aimant\/","title":{"rendered":"La Brecha &#8211; Aimant"},"content":{"rendered":"<div class=\"rod_product_container\"><img decoding=\"async\" src=\"https:\/\/i.etsystatic.com\/11505938\/r\/il\/790643\/3500248162\/il_1588xN.3500248162_o054.jpg\" alt=\"\" width=\"380\" border=\"0\"><\/div>\n<div class=\"rod_product_container\">\n<p><span class=\"rod_product_title\">AIMANT<\/span><\/p>\n<p>Format aimant : 6,5 x 9 cm (2.5&Prime; x 3.5&Prime;)<\/p>\n<p>Edition ouverte<br \/>\nIllustration pour la pochette d&rsquo;album du groupe Jazz PEGA LOCA<\/p>\n<p><span class=\"rod_product_price\">6,00 \u20ac<\/span> + frais d&rsquo;envoi<\/p>\n<p><b>En stock<\/b><\/p>\n<p><span class=\"rod_product_desc\">Superbe aimant \/ magnet, solide et \u00e9pais,<br \/>\nillustration r\u00e9alis\u00e9e par Eric PHILIPPE<\/span><\/p>\n<p>Pour COMMANDER : <a href=\"http:\/\/www.redhead-or-dead.com\/wp\/fr\/contactez-moi\/\">Contactez-moi<\/a><\/p>\n<p>Paiement par virement bancaire ou PayPal<br \/>\n(Infos \u00e0 la r\u00e9ception de votre commande et de votre adresse de livraison)<\/p>\n<p>Une question ou une requ\u00eate sp\u00e9ciale ? <a href=\"http:\/\/www.redhead-or-dead.com\/wp\/fr\/contactez-moi\/\">Contactez-moi<\/a><\/p>\n<\/div>\n","protected":false},"excerpt":{"rendered":"<p>AIMANT Format aimant : 6,5 x 9 cm (2.5&Prime; x 3.5&Prime;) Edition ouverte Illustration pour la pochette d&rsquo;album du groupe Jazz PEGA LOCA 6,00 \u20ac + frais d&rsquo;envoi En stock Superbe aimant \/ magnet, solide et \u00e9pais, illustration r\u00e9alis\u00e9e par Eric PHILIPPE Pour COMMANDER : Contactez-moi Paiement par virement bancaire \u2026 <a class=\"continue-reading-link\" href=\"https:\/\/www.redhead-or-dead.com\/wp\/fr\/boutique\/la-brecha-aimant\/\"> Continue reading<\/a><\/p>\n","protected":false},"author":1,"featured_media":0,"parent":77,"menu_order":0,"comment_status":"closed","ping_status":"closed","template":"","meta":{"footnotes":""},"class_list":["post-2054","page","type-page","status-publish","hentry"],"_links":{"self":[{"href":"https:\/\/www.redhead-or-dead.com\/wp\/wp-json\/wp\/v2\/pages\/2054","targetHints":{"allow":["GET"]}}],"collection":[{"href":"https:\/\/www.redhead-or-dead.com\/wp\/wp-json\/wp\/v2\/pages"}],"about":[{"href":"https:\/\/www.redhead-or-dead.com\/wp\/wp-json\/wp\/v2\/types\/page"}],"author":[{"embeddable":true,"href":"https:\/\/www.redhead-or-dead.com\/wp\/wp-json\/wp\/v2\/users\/1"}],"replies":[{"embeddable":true,"href":"https:\/\/www.redhead-or-dead.com\/wp\/wp-json\/wp\/v2\/comments?post=2054"}],"version-history":[{"count":3,"href":"https:\/\/www.redhead-or-dead.com\/wp\/wp-json\/wp\/v2\/pages\/2054\/revisions"}],"predecessor-version":[{"id":2484,"href":"https:\/\/www.redhead-or-dead.com\/wp\/wp-json\/wp\/v2\/pages\/2054\/revisions\/2484"}],"up":[{"embeddable":true,"href":"https:\/\/www.redhead-or-dead.com\/wp\/wp-json\/wp\/v2\/pages\/77"}],"wp:attachment":[{"href":"https:\/\/www.redhead-or-dead.com\/wp\/wp-json\/wp\/v2\/media?parent=2054"}],"curies":[{"name":"wp","href":"https:\/\/api.w.org\/{rel}","templated":true}]}}